{"id":187,"date":"2023-01-21T16:11:49","date_gmt":"2023-01-21T16:11:49","guid":{"rendered":"http:\/\/bernerklezmer.ch\/?page_id=187"},"modified":"2026-03-28T09:13:16","modified_gmt":"2026-03-28T09:13:16","slug":"live","status":"publish","type":"page","link":"https:\/\/bernerklezmer.ch\/?page_id=187","title":{"rendered":"Live"},"content":{"rendered":"<p><strong>Sonntag, 17. Mai 26, 19 Uhr,&nbsp;<a href=\"https:\/\/www.ref-frutigen.ch\/\" target=\"_blank\" rel=\"noopener\">Kirche Frutigen<\/a><\/strong><\/p>\n<p><strong>Samstag, 28. August 26, 20.15 Uhr,&nbsp;<a href=\"https:\/\/www.kirche-diessbach.ch\/kultur\" target=\"_blank\" rel=\"noopener\">Kirche Diessbach<\/a><\/strong><\/p>\n<p><strong>Samstag, 27. Februar 27, 20 Uhr,&nbsp;<a href=\"https:\/\/kirche-seeberg.ch\/\" target=\"_blank\" rel=\"noopener\">Kirche Seeberg BE<\/a><\/strong><\/p>\n<h3>History<\/h3>\n<p><strong>Sonntag, 18. Januar 26, 17.00 h, reformierte Kirche B\u00fcren an der Aare<\/strong><\/p>\n<p><strong>Sonntag, 25. Januar 26, 17.00 h, Kirche B\u00fcrglen BE<\/strong><\/p>\n<p>9. M\u00e4rz 25, 17.00 h, Kirchgemeindehaus Uttigen<\/p>\n<p>24. November 24 16.00h, Viento Sur, Lerchenweg 33, 3012 Bern<\/p>\n<p>15. 5. 22, Synagoge Bern<\/p>\n<p>23. 1. 22, Espace Johannis, Chamoson VS<\/p>\n<p>26. 6. 21, Kirche Kirchberg BE<\/p>\n<p>19. 11. 19, Oberstufenzentrum Wattenwil<\/p>\n<p>26. 10. 19, Synagoge Basel<\/p>\n<div class=\"\">J\u00fcdischer Holocaust Gedenktag 29. Januar 2018 im Kongresszentrum Basel&nbsp;<\/div>\n<div>&nbsp;<\/div>\n<div class=\"\">2. 9. 18, Synagoge Baden<\/div>\n<div>&nbsp;<\/div>\n<div>29. 1. 18, Yehudi Menuhin Forum Bern<\/div>\n<div>&nbsp;<\/div>\n<div>21. 10. 17, Hotel Ambassador Bern<\/div>\n<div>&nbsp;<\/div>\n","protected":false},"excerpt":{"rendered":"<p>Sonntag, 17. Mai 26, 19 Uhr,&nbsp;Kirche Frutigen Samstag, 28. August 26, 20.15 Uhr,&nbsp;Kirche Diessbach Samstag, 27. Februar 27, 20 Uhr,&nbsp;Kirche Seeberg BE History Sonntag, 18. Januar 26, 17.00 h, reformierte Kirche B\u00fcren an der Aare Sonntag, 25. Januar 26, 17.00 h, Kirche B\u00fcrglen BE 9. M\u00e4rz 25, 17.00 h, Kirchgemeindehaus Uttigen 24. November 24 16.00h, [&hellip;]<\/p>\n","protected":false},"author":1,"featured_media":0,"parent":0,"menu_order":0,"comment_status":"closed","ping_status":"closed","template":"","meta":{"ngg_post_thumbnail":0,"footnotes":""},"class_list":["post-187","page","type-page","status-publish","hentry"],"aioseo_notices":[],"_links":{"self":[{"href":"https:\/\/bernerklezmer.ch\/index.php?rest_route=\/wp\/v2\/pages\/187","targetHints":{"allow":["GET"]}}],"collection":[{"href":"https:\/\/bernerklezmer.ch\/index.php?rest_route=\/wp\/v2\/pages"}],"about":[{"href":"https:\/\/bernerklezmer.ch\/index.php?rest_route=\/wp\/v2\/types\/page"}],"author":[{"embeddable":true,"href":"https:\/\/bernerklezmer.ch\/index.php?rest_route=\/wp\/v2\/users\/1"}],"replies":[{"embeddable":true,"href":"https:\/\/bernerklezmer.ch\/index.php?rest_route=%2Fwp%2Fv2%2Fcomments&post=187"}],"version-history":[{"count":22,"href":"https:\/\/bernerklezmer.ch\/index.php?rest_route=\/wp\/v2\/pages\/187\/revisions"}],"predecessor-version":[{"id":394,"href":"https:\/\/bernerklezmer.ch\/index.php?rest_route=\/wp\/v2\/pages\/187\/revisions\/394"}],"wp:attachment":[{"href":"https:\/\/bernerklezmer.ch\/index.php?rest_route=%2Fwp%2Fv2%2Fmedia&parent=187"}],"curies":[{"name":"wp","href":"https:\/\/api.w.org\/{rel}","templated":true}]}}